{"id":41607,"date":"2015-03-07T09:28:50","date_gmt":"2018-01-18T13:50:48","guid":{"rendered":"http:\/\/pracowniabrokat.pl\/en\/?post_type=product&#038;p=41607"},"modified":"2021-09-20T16:37:37","modified_gmt":"2021-09-20T14:37:37","slug":"statuette-a-super-hero","status":"publish","type":"product","link":"https:\/\/pracowniabrokat.pl\/en\/sklep\/business\/super-hero-statuette\/statuette-a-super-hero\/","title":{"rendered":"&#8220;Super hero&#8221; statuette"},"content":{"rendered":"<p>The statuette was designed for the Marshal Office of Silesian Voivodeship and handed out during an event recapitulating a yearlong project titled \u201c\u015al\u0105skie. Tu dzia\u0142amy\u201d (\u201cSilesia. Action Here and Now\u201d) which included an initiative \u201cLokalni bohaterowie inspiruj\u0105\u201d (\u201cLocal Heroes Inspire\u201d) among others. The statuettes were handed out to people &#8211; LOCAL HEROES &#8211; who consequently change the world, emphasising its values and importance of community bonds.<\/p>\n","protected":false},"excerpt":{"rendered":"<p><strong>STATUETTE: <\/strong>height: 17 cm, depth: 4,4 cm, width: 20 cm<\/p>\n<p><strong>DESIGN:<\/strong> <span class=\"fbPhotoCaptionText\">Bogna Pola\u0144ska, Roma Skuza<br \/>\n<\/span><span class=\"fbPhotoCaptionText\"><strong>MATERIAL: <\/strong>polished stainless steel<\/span><\/p>\n<p>Ask for your project, write to us: produkt@pracowniabrokat.pl<\/p>\n","protected":false},"featured_media":46979,"template":"","meta":[],"product_brand":[],"product_cat":[356,231],"product_tag":[],"product_change_room":[],"product_collection":[309],"class_list":{"0":"post-41607","1":"product","2":"type-product","3":"status-publish","4":"has-post-thumbnail","6":"product_cat-business","7":"product_cat-super-hero-statuette","8":"product_collection-statuetki-en","10":"first","11":"instock","12":"shipping-taxable","13":"product-type-simple"},"_links":{"self":[{"href":"https:\/\/pracowniabrokat.pl\/en\/wp-json\/wp\/v2\/product\/41607","targetHints":{"allow":["GET"]}}],"collection":[{"href":"https:\/\/pracowniabrokat.pl\/en\/wp-json\/wp\/v2\/product"}],"about":[{"href":"https:\/\/pracowniabrokat.pl\/en\/wp-json\/wp\/v2\/types\/product"}],"wp:featuredmedia":[{"embeddable":true,"href":"https:\/\/pracowniabrokat.pl\/en\/wp-json\/wp\/v2\/media\/46979"}],"wp:attachment":[{"href":"https:\/\/pracowniabrokat.pl\/en\/wp-json\/wp\/v2\/media?parent=41607"}],"wp:term":[{"taxonomy":"product_brand","embeddable":true,"href":"https:\/\/pracowniabrokat.pl\/en\/wp-json\/wp\/v2\/product_brand?post=41607"},{"taxonomy":"product_cat","embeddable":true,"href":"https:\/\/pracowniabrokat.pl\/en\/wp-json\/wp\/v2\/product_cat?post=41607"},{"taxonomy":"product_tag","embeddable":true,"href":"https:\/\/pracowniabrokat.pl\/en\/wp-json\/wp\/v2\/product_tag?post=41607"},{"taxonomy":"product_change_room","embeddable":true,"href":"https:\/\/pracowniabrokat.pl\/en\/wp-json\/wp\/v2\/product_change_room?post=41607"},{"taxonomy":"product_collection","embeddable":true,"href":"https:\/\/pracowniabrokat.pl\/en\/wp-json\/wp\/v2\/product_collection?post=41607"}],"curies":[{"name":"wp","href":"https:\/\/api.w.org\/{rel}","templated":true}]}}