{"id":53814,"date":"2021-08-23T11:20:53","date_gmt":"2021-08-23T09:20:53","guid":{"rendered":"https:\/\/dev2.pracowniabrokat.pl\/?page_id=53814"},"modified":"2021-08-23T11:20:53","modified_gmt":"2021-08-23T09:20:53","slug":"projects-description","status":"publish","type":"page","link":"https:\/\/pracowniabrokat.pl\/en\/projects-description\/","title":{"rendered":"Projects Description"},"content":{"rendered":"<p>1.Wdro\u017cenie innowacji do oferty firmy BROKAT Sp. z o.o. w postaci ekskluzywnej kolekcji bi\u017cuterii w ramach Poddzia\u0142ania 2.3.5 Design dla przedsi\u0119biorc\u00f3w Programu Operacyjnego Inteligentny Rozw\u00f3j 2014-2020.<br \/>\nWarto\u015b\u0107 projektu: 150 310,00* z\u0142.<br \/>\nDofinansowanie projektu z UE: 127 763,50 z\u0142<\/p>\n<p>&nbsp;<\/p>\n<p>2.Wzrost konkurencyjno\u015bci i utrzymanie miejsc pracy poprzez stworzenie i wdro\u017cenie innowacyjnych proces\u00f3w prezentacji produkt\u00f3w online i innowacji marketingowych dla klient\u00f3w biznesowych i indywidualnych w ramach Regionalnego Programu Operacyjnego Wojew\u00f3dztwa \u015al\u0105skiego na lata 2014-2020.<br \/>\nWarto\u015b\u0107 projektu 541 328,81 z\u0142<br \/>\nDofinansowanie projektu z UE: 366 645,99 z\u0142<br \/>\nOpis projektu:<br \/>\nDzi\u0119ki projektowi chcemy wdro\u017cy\u0107 nowoczesne narz\u0119dzie zakupowe \u2013 modu\u0142 wirtualnej rzeczywisto\u015bci w sklepie internetowym sp\u00f3\u0142ki, kt\u00f3ry umo\u017cliwi wirtualne przymierzanie produkt\u00f3w, wdro\u017cy\u0107 konfigurator produktu w dziale statuetek, kt\u00f3ry umozliwi klientowi wyb\u00f3r materia\u0142u oraz rozmiaru statuetki, jednocze\u015bnie skr\u00f3ci czas wyceny i zam\u00f3wienia. Projekt umo\u017cliwi tak\u017ce wdro\u017cenie kampanii promocyjnej bi\u017cuterii. Kampania ta umo\u017cliwi przeprowadzenie profesjonalnej sesji zdj\u0119ciowej, pracowanie materia\u0142\u00f3w stron\u0119 pracowni oraz na profile spo\u0142eczno\u015bciowe.<\/p>\n<p>Celem projektu: jest utrzymanie miejsc pracy w brokat sp. z o.o. na dotychczasowym poziomie, stworzenie jednego nowego miejsca pracy i zwi\u0119kszenie konkurencyjno\u015bci, co bezpo\u015brednio przyczyni si\u0119 do wzrostu obrot\u00f3w sp\u00f3\u0142ki, wzrostu ilo\u015bci zam\u00f3wie\u0144, poprawy widoczno\u015bci sp\u00f3\u0142ki w mediach spo\u0142eczno\u015bciowych i innych serwisach internetowych. Ponadto celem jest tak\u017ce wdro\u017cenie nowych narz\u0119dzi komunikacji oraz powi\u0119kszenie grupy klient\u00f3w poprzez wyj\u015bcie z ofert\u0105 poza obszar wojew\u00f3dztwa \u015bl\u0105skiego.<\/p>\n<p><img loading=\"lazy\" decoding=\"async\" class=\"alignnone wp-image-52925 size-full\" src=\"https:\/\/pracowniabrokat.pl\/wp-content\/uploads\/2021\/08\/fe.png\" alt=\"\" width=\"132\" height=\"50\" \/><img loading=\"lazy\" decoding=\"async\" class=\"alignnone wp-image-52929 size-full\" src=\"https:\/\/pracowniabrokat.pl\/wp-content\/uploads\/2021\/08\/rp.png\" alt=\"\" width=\"183\" height=\"50\" \/><img loading=\"lazy\" decoding=\"async\" class=\"alignnone wp-image-52931 size-full\" src=\"https:\/\/pracowniabrokat.pl\/wp-content\/uploads\/2021\/08\/slaskie.png\" alt=\"\" width=\"151\" height=\"50\" \/><img loading=\"lazy\" decoding=\"async\" class=\"alignnone wp-image-52927 size-full\" src=\"https:\/\/pracowniabrokat.pl\/wp-content\/uploads\/2021\/08\/euf.png\" alt=\"\" width=\"185\" height=\"50\" \/><\/p>\n","protected":false},"excerpt":{"rendered":"<p>1.Wdro\u017cenie innowacji do oferty firmy BROKAT Sp. z o.o. w postaci ekskluzywnej kolekcji bi\u017cuterii w ramach Poddzia\u0142ania 2.3.5 Design dla przedsi\u0119biorc\u00f3w Programu Operacyjnego Inteligentny Rozw\u00f3j 2014-2020. Warto\u015b\u0107 projektu: 150 310,00* z\u0142. Dofinansowanie projektu z UE: 127 763,50 z\u0142 &nbsp; 2.Wzrost konkurencyjno\u015bci i utrzymanie miejsc pracy poprzez stworzenie i wdro\u017cenie innowacyjnych proces\u00f3w prezentacji produkt\u00f3w online i [&hellip;]<\/p>\n","protected":false},"author":5367,"featured_media":0,"parent":0,"menu_order":0,"comment_status":"closed","ping_status":"closed","template":"","meta":{"footnotes":""},"class_list":["post-53814","page","type-page","status-publish","hentry"],"_links":{"self":[{"href":"https:\/\/pracowniabrokat.pl\/en\/wp-json\/wp\/v2\/pages\/53814","targetHints":{"allow":["GET"]}}],"collection":[{"href":"https:\/\/pracowniabrokat.pl\/en\/wp-json\/wp\/v2\/pages"}],"about":[{"href":"https:\/\/pracowniabrokat.pl\/en\/wp-json\/wp\/v2\/types\/page"}],"author":[{"embeddable":true,"href":"https:\/\/pracowniabrokat.pl\/en\/wp-json\/wp\/v2\/users\/5367"}],"replies":[{"embeddable":true,"href":"https:\/\/pracowniabrokat.pl\/en\/wp-json\/wp\/v2\/comments?post=53814"}],"version-history":[{"count":1,"href":"https:\/\/pracowniabrokat.pl\/en\/wp-json\/wp\/v2\/pages\/53814\/revisions"}],"predecessor-version":[{"id":53815,"href":"https:\/\/pracowniabrokat.pl\/en\/wp-json\/wp\/v2\/pages\/53814\/revisions\/53815"}],"wp:attachment":[{"href":"https:\/\/pracowniabrokat.pl\/en\/wp-json\/wp\/v2\/media?parent=53814"}],"curies":[{"name":"wp","href":"https:\/\/api.w.org\/{rel}","templated":true}]}}