{"id":20683,"date":"2013-10-16T12:05:38","date_gmt":"2013-10-16T12:05:38","guid":{"rendered":"http:\/\/pracowniabrokat.localhost\/kontakt-2\/"},"modified":"2021-09-17T10:09:40","modified_gmt":"2021-09-17T08:09:40","slug":"contact","status":"publish","type":"page","link":"https:\/\/pracowniabrokat.pl\/en\/contact\/","title":{"rendered":"Contact"},"content":{"rendered":"<p>[vc_row css_animation=&#8221;&#8221; row_type=&#8221;row&#8221; use_row_as_full_screen_section=&#8221;no&#8221; type=&#8221;full_width&#8221; angled_section=&#8221;no&#8221; text_align=&#8221;left&#8221; background_image_as_pattern=&#8221;without_pattern&#8221; padding_top=&#8221;15&#8243; padding_bottom=&#8221;30&#8243;][vc_column][vc_column_text]<\/p>\n<h1>Contact<\/h1>\n<p>[\/vc_column_text][\/vc_column][\/vc_row][vc_row css_animation=&#8221;&#8221; row_type=&#8221;row&#8221; use_row_as_full_screen_section=&#8221;no&#8221; type=&#8221;full_width&#8221; angled_section=&#8221;no&#8221; text_align=&#8221;left&#8221; background_image_as_pattern=&#8221;without_pattern&#8221;][vc_column width=&#8221;1\/3&#8243;][vc_column_text]<\/p>\n<h3>Brokat Sp\u00f3\u0142ka z o. o.<\/h3>\n<hr \/>\n<p>Ul. Gliwicka 188\/3, 2 P.<br \/>\n(<span lang=\"en\">entrance from the yard<\/span>)<br \/>\n40-860 Katowice<\/p>\n<p>+48 883 366 008<br \/>\nhello@pracowniabrokat.pl<\/p>\n<p>pon.\u2013pt., godz. 09.00\u201317.00[\/vc_column_text][\/vc_column][vc_column width=&#8221;1\/3&#8243;][vc_column_text]<\/p>\n<h3><strong>arch. Roma Skuza<\/strong><\/h3>\n<hr \/>\n<p>+48 692 999 390<\/p>\n<h3>arch. Bogna Pola\u0144ska<\/h3>\n<hr \/>\n<p>+48 600 052 673[\/vc_column_text][\/vc_column][vc_column width=&#8221;1\/3&#8243;][vc_column_text]Bank account 61 1050 1214 1000 0092 1348 9496<br \/>\nING Bank \u015al\u0105ski<br \/>\nIBAN: PL61105012141000009213489496<br \/>\nSWIFT &#8211; BIC: INGBPLPW<\/p>\n<p>REGON 361933918<br \/>\nNIP 634 284 21 36<br \/>\nKRS 0000565588<\/p>\n<p>S\u0105d Rejonowy Katowice-Wsch\u00f3d w Katowicach<br \/>\nWydzia\u0142 VIII Gospodarczy<\/p>\n<p><span lang=\"en\">The share capital <\/span>150 000[\/vc_column_text][\/vc_column][\/vc_row][vc_row css_animation=&#8221;&#8221; row_type=&#8221;row&#8221; use_row_as_full_screen_section=&#8221;no&#8221; type=&#8221;full_width&#8221; angled_section=&#8221;no&#8221; text_align=&#8221;left&#8221; background_image_as_pattern=&#8221;without_pattern&#8221; padding_top=&#8221;30&#8243; padding_bottom=&#8221;30&#8243;][vc_column][vc_column_text]<\/p>\n<h1>Distribution<\/h1>\n<pre id=\"tw-target-text\" class=\"tw-data-text tw-ta tw-text-large\" dir=\"ltr\" data-fulltext=\"\" data-placeholder=\"T\u0142umaczenie\"><strong><span lang=\"en\">\u00a0<\/span><\/strong><\/pre>\n<p>[\/vc_column_text][\/vc_column][\/vc_row][vc_row css_animation=&#8221;&#8221; row_type=&#8221;row&#8221; use_row_as_full_screen_section=&#8221;no&#8221; type=&#8221;full_width&#8221; angled_section=&#8221;no&#8221; text_align=&#8221;left&#8221; background_image_as_pattern=&#8221;without_pattern&#8221;][vc_column width=&#8221;1\/3&#8243;][vc_accordion active_tab=&#8221;false&#8221; style=&#8221;toggle&#8221;][vc_accordion_tab title=&#8221;KATOWICE&#8221;][vc_column_text]<strong><a href=\"http:\/\/pracowniabrokat.pl\" target=\"_blank\" rel=\"noopener\">Pracownia broKat<\/a><\/strong><br \/>\nul. Gliwicka 188\/3<\/p>\n<p><strong><a href=\"https:\/\/geszeft.co\/\" target=\"_blank\" rel=\"noopener\">Geszeft<\/a><\/strong><br \/>\nul. G. Morcinka 23-25<\/p>\n<p><strong><a href=\"https:\/\/www.facebook.com\/bookiestra\/\" target=\"_blank\" rel=\"noopener\">Bookiestra<\/a><\/strong><br \/>\nNOSPR Plac Wojciecha Kilara 1<\/p>\n<p>&nbsp;<\/p>\n<p>[\/vc_column_text][\/vc_accordion_tab][vc_accordion_tab title=&#8221;ZABRZE&#8221;][vc_column_text]<strong><a href=\"http:\/\/kopalniaguido.pl\/index.php\/pl-pl\/strefa-k8-pub\" target=\"_blank\" rel=\"noopener\">Poziom 320 Kopalni Guido &#8211; Strefa K8 &#8211; Hala Pomp<\/a><\/strong><br \/>\nul. 3 maja 93[\/vc_column_text][\/vc_accordion_tab][vc_accordion_tab title=&#8221;CIESZYN&#8221;][vc_column_text]<strong><a href=\"http:\/\/www.zamekcieszyn.pl\/design-store\/category.php?id_category=13\" target=\"_blank\" rel=\"noopener\">Zamek Cieszyn<\/a><\/strong><br \/>\nul. Zamkowa 3abc[\/vc_column_text][\/vc_accordion_tab][vc_accordion_tab title=&#8221;KRAK\u00d3W&#8221;][vc_column_text]<a href=\"https:\/\/rzeczysame.pl\/\">RZECZY SAME<\/a><br \/>\nul. Nadwi\u015bla\u0144ska 11<\/p>\n<p><a href=\"http:\/\/www.punca.com.pl\/pl\/c\/Bizuteria\/7\" target=\"_blank\" rel=\"noopener\"><strong>PUNCA<\/strong><br \/>\n<\/a>ul. J\u00f3zefa 3[\/vc_column_text][\/vc_accordion_tab][\/vc_accordion][\/vc_column][vc_column width=&#8221;1\/3&#8243;][vc_accordion active_tab=&#8221;false&#8221; style=&#8221;toggle&#8221;][vc_accordion_tab title=&#8221;\u0141\u00d3D\u0179&#8221;][vc_column_text]<strong><a href=\"http:\/\/offpiotrkowska.com\/portfolio-items\/magazyn-wysoki\/\" target=\"_blank\" rel=\"noopener\">Magazyn Wysoki<\/a><\/strong><br \/>\nul. Piotrkowska 138\/140[\/vc_column_text][\/vc_accordion_tab][\/vc_accordion][\/vc_column][vc_column width=&#8221;1\/3&#8243;][\/vc_column][\/vc_row]<\/p>\n","protected":false},"excerpt":{"rendered":"<p>[vc_row css_animation=&#8221;&#8221; row_type=&#8221;row&#8221; use_row_as_full_screen_section=&#8221;no&#8221; type=&#8221;full_width&#8221; angled_section=&#8221;no&#8221; text_align=&#8221;left&#8221; background_image_as_pattern=&#8221;without_pattern&#8221; padding_top=&#8221;15&#8243; padding_bottom=&#8221;30&#8243;][vc_column][vc_column_text] Contact [\/vc_column_text][\/vc_column][\/vc_row][vc_row css_animation=&#8221;&#8221; row_type=&#8221;row&#8221; use_row_as_full_screen_section=&#8221;no&#8221; type=&#8221;full_width&#8221; angled_section=&#8221;no&#8221; text_align=&#8221;left&#8221; background_image_as_pattern=&#8221;without_pattern&#8221;][vc_column width=&#8221;1\/3&#8243;][vc_column_text] Brokat Sp\u00f3\u0142ka z o. o. Ul. Gliwicka 188\/3, 2 P. (entrance from the yard) 40-860 Katowice +48 883 366 008 hello@pracowniabrokat.pl pon.\u2013pt., godz. 09.00\u201317.00[\/vc_column_text][\/vc_column][vc_column width=&#8221;1\/3&#8243;][vc_column_text] arch. Roma Skuza +48 692 999 390 arch. Bogna Pola\u0144ska [&hellip;]<\/p>\n","protected":false},"author":108,"featured_media":0,"parent":0,"menu_order":0,"comment_status":"open","ping_status":"open","template":"templates\/contact.php","meta":{"footnotes":""},"class_list":["post-20683","page","type-page","status-publish","hentry"],"_links":{"self":[{"href":"https:\/\/pracowniabrokat.pl\/en\/wp-json\/wp\/v2\/pages\/20683","targetHints":{"allow":["GET"]}}],"collection":[{"href":"https:\/\/pracowniabrokat.pl\/en\/wp-json\/wp\/v2\/pages"}],"about":[{"href":"https:\/\/pracowniabrokat.pl\/en\/wp-json\/wp\/v2\/types\/page"}],"author":[{"embeddable":true,"href":"https:\/\/pracowniabrokat.pl\/en\/wp-json\/wp\/v2\/users\/108"}],"replies":[{"embeddable":true,"href":"https:\/\/pracowniabrokat.pl\/en\/wp-json\/wp\/v2\/comments?post=20683"}],"version-history":[{"count":7,"href":"https:\/\/pracowniabrokat.pl\/en\/wp-json\/wp\/v2\/pages\/20683\/revisions"}],"predecessor-version":[{"id":56159,"href":"https:\/\/pracowniabrokat.pl\/en\/wp-json\/wp\/v2\/pages\/20683\/revisions\/56159"}],"wp:attachment":[{"href":"https:\/\/pracowniabrokat.pl\/en\/wp-json\/wp\/v2\/media?parent=20683"}],"curies":[{"name":"wp","href":"https:\/\/api.w.org\/{rel}","templated":true}]}}